{"id":379,"date":"2026-05-01T08:44:36","date_gmt":"2026-05-01T06:44:36","guid":{"rendered":"https:\/\/nevilux.eu\/?page_id=379"},"modified":"2026-05-01T10:38:25","modified_gmt":"2026-05-01T08:38:25","slug":"bioenergetski-tretmani","status":"publish","type":"page","link":"https:\/\/nevilux.eu\/?page_id=379","title":{"rendered":"Bioenergetski tretmani"},"content":{"rendered":"\t\t<div data-elementor-type=\"wp-page\" data-elementor-id=\"379\" class=\"elementor elementor-379\">\n\t\t\t\t<header class=\"elementor-element elementor-element-fd8cee6 e-flex e-con-boxed e-con e-parent\" data-id=\"fd8cee6\" data-element_type=\"container\" data-e-type=\"container\">\n\t\t\t\t\t<div class=\"e-con-inner\">\n\t\t<div class=\"elementor-element elementor-element-7b952b6 e-con-full e-flex e-con e-child\" data-id=\"7b952b6\" data-element_type=\"container\" data-e-type=\"container\">\n\t\t\t\t<div class=\"elementor-element elementor-element-bb79277 elementor-widget elementor-widget-heading\" data-id=\"bb79277\" data-element_type=\"widget\" data-e-type=\"widget\" data-widget_type=\"heading.default\">\n\t\t\t\t\t<h2 class=\"elementor-heading-title elementor-size-default\">Energija (bioenergetski tretmani)<\/h2>\t\t\t\t<\/div>\n\t\t\t\t<\/div>\n\t\t\t\t\t<\/div>\n\t\t\t\t<\/header>\n\t\t<div class=\"elementor-element elementor-element-059f592 e-flex e-con-boxed e-con e-parent\" data-id=\"059f592\" data-element_type=\"container\" data-e-type=\"container\">\n\t\t\t\t\t<div class=\"e-con-inner\">\n\t\t\t\t<div class=\"elementor-element elementor-element-d6394d4 elementor-widget elementor-widget-text-editor\" data-id=\"d6394d4\" data-element_type=\"widget\" data-e-type=\"widget\" data-widget_type=\"text-editor.default\">\n\t\t\t\t\t\t\t\t\t<p data-start=\"1067\" data-end=\"1359\"><strong data-start=\"1067\" data-end=\"1095\">Sve oko nas je energija.<\/strong> Na\u0161e tijelo, misli, emocije i okolina neprestano razmjenjuju energiju i informacije. Iako je energija nevidljiva, njen utjecaj na na\u0161e stanje mo\u017ee biti vrlo konkretan \u2014 kroz osje\u0107aj vitalnosti, unutarnjeg mira ili, s druge strane, kroz umor, napetost i disbalans.<\/p><p data-start=\"1361\" data-end=\"1613\">Moderna istra\u017eivanja pokazuju da tijelo funkcionira kroz slo\u017eene bioelektri\u010dne i elektromagnetske procese. Srce i mozak stvaraju mjerljiva elektromagnetska polja, a \u017eiv\u010dani sustav prenosi elektri\u010dne impulse koji omogu\u0107uju komunikaciju unutar organizma.<\/p><p data-start=\"1615\" data-end=\"1808\">Uz fizi\u010dko tijelo, \u010dovjek ima i energetsko tijelo koje ga okru\u017euje i pro\u017eima. Ono reagira na na\u0161e misli, emocije i iskustva te predstavlja most izme\u0111u fizi\u010dkog, emocionalnog i mentalnog stanja.<\/p><p data-start=\"1810\" data-end=\"2007\">Kada je energija uravnote\u017eena, osje\u0107amo vi\u0161e jasno\u0107e, stabilnosti i proto\u010dnosti. Kada do\u0111e do disbalansa, to se mo\u017ee o\u010ditovati kroz osje\u0107aj umora, napetosti, preoptere\u0107enosti ili unutarnjeg nemira.<\/p><p data-start=\"2009\" data-end=\"2284\">Bioenergetski tretmani pristupaju \u010dovjeku cjelovito, kroz rad na energiji i njenoj povezanosti s tijelom i unutarnjim stanjima. U radu se kombiniraju razli\u010diti pristupi poput bioenergije, energoterapije, Reiki tehnika i intuitivnog energetskog rada, ovisno o potrebama osobe.<\/p><p data-start=\"2286\" data-end=\"2420\">Cilj nije djelovati na pojedina\u010dni simptom, ve\u0107 podr\u017eati prirodnu ravnote\u017eu organizma, osje\u0107aj opu\u0161tenosti i ve\u0107u povezanost sa sobom.<\/p>\t\t\t\t\t\t\t\t<\/div>\n\t\t\t\t\t<\/div>\n\t\t\t\t<\/div>\n\t\t<div class=\"elementor-element elementor-element-f76b95c e-flex e-con-boxed e-con e-parent\" data-id=\"f76b95c\" data-element_type=\"container\" data-e-type=\"container\">\n\t\t\t\t\t<div class=\"e-con-inner\">\n\t\t\t\t<div class=\"elementor-element elementor-element-d81bd19 elementor-widget elementor-widget-heading\" data-id=\"d81bd19\" data-element_type=\"widget\" data-e-type=\"widget\" data-widget_type=\"heading.default\">\n\t\t\t\t\t<h2 class=\"elementor-heading-title elementor-size-default\">Kome je namjenjeno<\/h2>\t\t\t\t<\/div>\n\t\t\t\t<div class=\"elementor-element elementor-element-c564619 elementor-widget elementor-widget-text-editor\" data-id=\"c564619\" data-element_type=\"widget\" data-e-type=\"widget\" data-widget_type=\"text-editor.default\">\n\t\t\t\t\t\t\t\t\t<p data-start=\"584\" data-end=\"734\">Ovaj pristup namijenjen je osobama koje osje\u0107aju unutarnji pritisak, umor ili zasi\u0107enje, ali i onima koje \u017eele dublje razumjeti sebe i svoje stanje.<\/p><p data-start=\"741\" data-end=\"917\">Ako se prepoznajete u osje\u0107aju mentalne preoptere\u0107enosti, emocionalne napetosti ili jednostavno imate potrebu za resetom i povratkom sebi \u2013 ovaj rad mo\u017ee biti koristan korak.<\/p><p data-start=\"924\" data-end=\"1070\">Tako\u0111er je za one koji \u017eele raditi na sebi dublje \u2013 ne samo na povr\u0161ini simptoma, ve\u0107 kroz povezivanje s vlastitim unutarnjim stanjem i energijom.<\/p>\t\t\t\t\t\t\t\t<\/div>\n\t\t\t\t\t<\/div>\n\t\t\t\t<\/div>\n\t\t<div class=\"elementor-element elementor-element-d43e150 e-flex e-con-boxed e-con e-parent\" data-id=\"d43e150\" data-element_type=\"container\" data-e-type=\"container\">\n\t\t\t\t\t<div class=\"e-con-inner\">\n\t\t\t\t<div class=\"elementor-element elementor-element-13be2fc elementor-widget__width-inherit elementor-widget elementor-widget-heading\" data-id=\"13be2fc\" data-element_type=\"widget\" data-e-type=\"widget\" data-widget_type=\"heading.default\">\n\t\t\t\t\t<h2 class=\"elementor-heading-title elementor-size-default\">DOBROBITI<\/h2>\t\t\t\t<\/div>\n\t\t\t\t\t<\/div>\n\t\t\t\t<\/div>\n\t\t<div class=\"elementor-element elementor-element-c0c0874 e-flex e-con-boxed e-con e-parent\" data-id=\"c0c0874\" data-element_type=\"container\" data-e-type=\"container\">\n\t\t\t\t\t<div class=\"e-con-inner\">\n\t\t<div class=\"elementor-element elementor-element-01328fd e-grid e-con-full e-con e-child\" data-id=\"01328fd\" data-element_type=\"container\" data-e-type=\"container\">\n\t\t\t\t<div class=\"elementor-element elementor-element-0b8217a elementor-invisible elementor-widget elementor-widget-text-editor\" data-id=\"0b8217a\" data-element_type=\"widget\" data-e-type=\"widget\" data-settings=\"{&quot;_animation&quot;:&quot;slideInUp&quot;,&quot;_animation_mobile&quot;:&quot;slideInUp&quot;}\" data-widget_type=\"text-editor.default\">\n\t\t\t\t\t\t\t\t\t<p data-start=\"361\" data-end=\"515\"><strong data-start=\"361\" data-end=\"396\">Opu\u0161tanje i smanjenje napetosti<\/strong><\/p><p data-start=\"361\" data-end=\"515\"><b><br data-start=\"396\" data-end=\"399\"><\/b>Tijelo se postupno smiruje, a napetost po\u010dinje popu\u0161tati \u2013 posebno ako si \u010desto pod pritiskom ili u unutarnjem gr\u010du.<\/p>\t\t\t\t\t\t\t\t<\/div>\n\t\t\t\t<div class=\"elementor-element elementor-element-f2653b6 elementor-invisible elementor-widget elementor-widget-text-editor\" data-id=\"f2653b6\" data-element_type=\"widget\" data-e-type=\"widget\" data-settings=\"{&quot;_animation&quot;:&quot;slideInUp&quot;,&quot;_animation_mobile&quot;:&quot;slideInUp&quot;}\" data-widget_type=\"text-editor.default\">\n\t\t\t\t\t\t\t\t\t<p data-start=\"711\" data-end=\"835\"><strong data-start=\"711\" data-end=\"734\">Povezanost sa sobom<\/strong><\/p><p data-start=\"711\" data-end=\"835\"><strong data-start=\"711\" data-end=\"734\"><br><\/strong><\/p><p data-start=\"711\" data-end=\"835\">Produbljuje se unutarnji kontakt i intuicija \u2013 posebno ako ima\u0161 osje\u0107aj da si se udaljila od sebe.<\/p>\t\t\t\t\t\t\t\t<\/div>\n\t\t\t\t<div class=\"elementor-element elementor-element-46aa5b7 elementor-invisible elementor-widget elementor-widget-text-editor\" data-id=\"46aa5b7\" data-element_type=\"widget\" data-e-type=\"widget\" data-settings=\"{&quot;_animation&quot;:&quot;slideInUp&quot;,&quot;_animation_mobile&quot;:&quot;slideInUp&quot;}\" data-widget_type=\"text-editor.default\">\n\t\t\t\t\t\t\t\t\t<p data-start=\"537\" data-end=\"689\"><strong data-start=\"537\" data-end=\"571\">Bolji fokus i mentalna jasno\u0107a<\/strong><\/p><p data-start=\"537\" data-end=\"689\"><br><\/p><p data-start=\"537\" data-end=\"689\">Misli se umiruju i vra\u0107a se osje\u0107aj jasno\u0107e, \u0161to poma\u017ee ako si \u010desto preoptere\u0107ena ili ti je te\u0161ko \u201cugasiti\u201d glavu.<\/p>\t\t\t\t\t\t\t\t<\/div>\n\t\t\t\t<div class=\"elementor-element elementor-element-4c601b4 elementor-invisible elementor-widget elementor-widget-text-editor\" data-id=\"4c601b4\" data-element_type=\"widget\" data-e-type=\"widget\" data-settings=\"{&quot;_animation&quot;:&quot;fadeInUp&quot;,&quot;_animation_mobile&quot;:&quot;slideInUp&quot;}\" data-widget_type=\"text-editor.default\">\n\t\t\t\t\t\t\t\t\t<p><strong data-start=\"916\" data-end=\"944\">Emocionalno rastere\u0107enje<\/strong><\/p><p><b><br data-start=\"944\" data-end=\"947\"><\/b>Stvara se prostor za otpu\u0161tanje stresa i unutarnjeg pritiska, bez forsiranja.<\/p>\t\t\t\t\t\t\t\t<\/div>\n\t\t\t\t<div class=\"elementor-element elementor-element-9697a31 elementor-invisible elementor-widget elementor-widget-text-editor\" data-id=\"9697a31\" data-element_type=\"widget\" data-e-type=\"widget\" data-settings=\"{&quot;_animation&quot;:&quot;fadeInUp&quot;,&quot;_animation_mobile&quot;:&quot;slideInUp&quot;}\" data-widget_type=\"text-editor.default\">\n\t\t\t\t\t\t\t\t\t<p data-start=\"1046\" data-end=\"1164\"><strong data-start=\"1046\" data-end=\"1076\">Osje\u0107aj mira i stabilnosti<\/strong><\/p><p data-start=\"1046\" data-end=\"1164\"><br><\/p><p data-start=\"1046\" data-end=\"1164\">Razvija se dublji osje\u0107aj unutarnjeg mira i ravnote\u017ee, \u010dak i u izazovnim situacijama.<\/p>\t\t\t\t\t\t\t\t<\/div>\n\t\t\t\t<div class=\"elementor-element elementor-element-f48f6f5 elementor-invisible elementor-widget elementor-widget-text-editor\" data-id=\"f48f6f5\" data-element_type=\"widget\" data-e-type=\"widget\" data-settings=\"{&quot;_animation&quot;:&quot;fadeInUp&quot;,&quot;_animation_mobile&quot;:&quot;slideInUp&quot;}\" data-widget_type=\"text-editor.default\">\n\t\t\t\t\t\t\t\t\t<p data-start=\"1186\" data-end=\"1287\"><strong data-start=\"1186\" data-end=\"1216\">Vi\u0161e energije i vitalnosti<\/strong><\/p><p data-start=\"1186\" data-end=\"1287\"><br><\/p><p data-start=\"1186\" data-end=\"1287\">Tijelo dobiva prostor za regeneraciju i prirodno podizanje energije.<\/p>\t\t\t\t\t\t\t\t<\/div>\n\t\t\t\t<\/div>\n\t\t\t\t\t<\/div>\n\t\t\t\t<\/div>\n\t\t<div class=\"elementor-element elementor-element-11f00b1 e-flex e-con-boxed e-con e-parent\" data-id=\"11f00b1\" data-element_type=\"container\" data-e-type=\"container\">\n\t\t\t\t\t<div class=\"e-con-inner\">\n\t\t<div class=\"elementor-element elementor-element-10ca5cc e-flex e-con-boxed e-con e-child\" data-id=\"10ca5cc\" data-element_type=\"container\" data-e-type=\"container\">\n\t\t\t\t\t<div class=\"e-con-inner\">\n\t\t\t\t<div class=\"elementor-element elementor-element-0ee16b6 elementor-align-center elementor-widget elementor-widget-button\" data-id=\"0ee16b6\" data-element_type=\"widget\" data-e-type=\"widget\" data-widget_type=\"button.default\">\n\t\t\t\t\t\t\t\t\t\t<a class=\"elementor-button elementor-button-link elementor-size-sm\" href=\"https:\/\/wa.me\/385912905902?text=Dobar%20dan,%20zanima%20me%20biorezonantni%20tretman.\">\n\t\t\t\t\t\t<span class=\"elementor-button-content-wrapper\">\n\t\t\t\t\t\t\t\t\t<span class=\"elementor-button-text\">Rezervirajte svoj termin<\/span>\n\t\t\t\t\t<\/span>\n\t\t\t\t\t<\/a>\n\t\t\t\t\t\t\t\t<\/div>\n\t\t\t\t\t<\/div>\n\t\t\t\t<\/div>\n\t\t\t\t\t<\/div>\n\t\t\t\t<\/div>\n\t\t\t\t<\/div>\n\t\t","protected":false},"excerpt":{"rendered":"<p>Energija (bioenergetski tretmani) Sve oko nas je energija. Na\u0161e tijelo, misli, emocije i okolina neprestano razmjenjuju energiju i informacije. Iako [&hellip;]<\/p>\n","protected":false},"author":1,"featured_media":0,"parent":126,"menu_order":0,"comment_status":"closed","ping_status":"closed","template":"","meta":{"site-sidebar-layout":"no-sidebar","site-content-layout":"","ast-site-content-layout":"full-width-container","site-content-style":"default","site-sidebar-style":"default","ast-global-header-display":"","ast-banner-title-visibility":"","ast-main-header-display":"","ast-hfb-above-header-display":"","ast-hfb-below-header-display":"","ast-hfb-mobile-header-display":"","site-post-title":"","ast-breadcrumbs-content":"","ast-featured-img":"disabled","footer-sml-layout":"","ast-disable-related-posts":"","theme-transparent-header-meta":"","adv-header-id-meta":"","stick-header-meta":"","header-above-stick-meta":"","header-main-stick-meta":"","header-below-stick-meta":"","astra-migrate-meta-layouts":"default","ast-page-background-enabled":"default","ast-page-background-meta":{"desktop":{"background-color":"var(--ast-global-color-5)","background-image":"","background-repeat":"repeat","background-position":"center center","background-size":"auto","background-attachment":"scroll","background-type":"","background-media":"","overlay-type":"","overlay-color":"","overlay-opacity":"","overlay-gradient":""},"tablet":{"background-color":"","background-image":"","background-repeat":"repeat","background-position":"center center","background-size":"auto","background-attachment":"scroll","background-type":"","background-media":"","overlay-type":"","overlay-color":"","overlay-opacity":"","overlay-gradient":""},"mobile":{"background-color":"","background-image":"","background-repeat":"repeat","background-position":"center center","background-size":"auto","background-attachment":"scroll","background-type":"","background-media":"","overlay-type":"","overlay-color":"","overlay-opacity":"","overlay-gradient":""}},"ast-content-background-meta":{"desktop":{"background-color":"var(--ast-global-color-4)","background-image":"","background-repeat":"repeat","background-position":"center center","background-size":"auto","background-attachment":"scroll","background-type":"","background-media":"","overlay-type":"","overlay-color":"","overlay-opacity":"","overlay-gradient":""},"tablet":{"background-color":"var(--ast-global-color-4)","background-image":"","background-repeat":"repeat","background-position":"center center","background-size":"auto","background-attachment":"scroll","background-type":"","background-media":"","overlay-type":"","overlay-color":"","overlay-opacity":"","overlay-gradient":""},"mobile":{"background-color":"var(--ast-global-color-4)","background-image":"","background-repeat":"repeat","background-position":"center center","background-size":"auto","background-attachment":"scroll","background-type":"","background-media":"","overlay-type":"","overlay-color":"","overlay-opacity":"","overlay-gradient":""}},"footnotes":""},"class_list":["post-379","page","type-page","status-publish","hentry"],"_links":{"self":[{"href":"https:\/\/nevilux.eu\/index.php?rest_route=\/wp\/v2\/pages\/379","targetHints":{"allow":["GET"]}}],"collection":[{"href":"https:\/\/nevilux.eu\/index.php?rest_route=\/wp\/v2\/pages"}],"about":[{"href":"https:\/\/nevilux.eu\/index.php?rest_route=\/wp\/v2\/types\/page"}],"author":[{"embeddable":true,"href":"https:\/\/nevilux.eu\/index.php?rest_route=\/wp\/v2\/users\/1"}],"replies":[{"embeddable":true,"href":"https:\/\/nevilux.eu\/index.php?rest_route=%2Fwp%2Fv2%2Fcomments&post=379"}],"version-history":[{"count":5,"href":"https:\/\/nevilux.eu\/index.php?rest_route=\/wp\/v2\/pages\/379\/revisions"}],"predecessor-version":[{"id":457,"href":"https:\/\/nevilux.eu\/index.php?rest_route=\/wp\/v2\/pages\/379\/revisions\/457"}],"up":[{"embeddable":true,"href":"https:\/\/nevilux.eu\/index.php?rest_route=\/wp\/v2\/pages\/126"}],"wp:attachment":[{"href":"https:\/\/nevilux.eu\/index.php?rest_route=%2Fwp%2Fv2%2Fmedia&parent=379"}],"curies":[{"name":"wp","href":"https:\/\/api.w.org\/{rel}","templated":true}]}}