{"id":3,"date":"2026-03-06T14:55:47","date_gmt":"2026-03-06T14:55:47","guid":{"rendered":"https:\/\/nevilux.eu\/?page_id=3"},"modified":"2026-03-10T12:56:27","modified_gmt":"2026-03-10T11:56:27","slug":"privacy-policy","status":"publish","type":"page","link":"https:\/\/nevilux.eu\/?page_id=3","title":{"rendered":"Politika privatnosti"},"content":{"rendered":"\n<p><\/p>\n\n\n\n<h2 class=\"wp-block-heading\">Tko smo<\/h2>\n\n\n\n<p>Voditelj obrade osobnih podataka na ovoj web stranici je:<\/p>\n\n\n\n<p><strong>NEVILUX \u2013 obrt za usluge i izdava\u0161tvo<\/strong><br>vl. Neda Vi\u0161i\u0107<br>Put Duilova 47<br>21000 Split, Hrvatska<\/p>\n\n\n\n<p>Email: <strong><a href=\"mailto:info.nevilux@gmail.com\">info.nevilux@gmail.com<\/a><\/strong><br>Web stranica: <strong><a href=\"https:\/\/nevilux.eu\/\">https:\/\/nevilux.eu<\/a><\/strong><\/p>\n\n\n\n<hr class=\"wp-block-separator has-alpha-channel-opacity\"\/>\n\n\n\n<h2 class=\"wp-block-heading\">Koje osobne podatke prikupljamo i za\u0161to<\/h2>\n\n\n\n<p>Ova web stranica mo\u017ee prikupljati odre\u0111ene osobne podatke korisnika kada oni stupaju u kontakt putem kontakt forme, e-maila ili drugih funkcionalnosti web stranice.<\/p>\n\n\n\n<p>Podaci koji se mogu prikupljati uklju\u010duju:<\/p>\n\n\n\n<ul class=\"wp-block-list\">\n<li>ime i prezime<\/li>\n\n\n\n<li>email adresu<\/li>\n\n\n\n<li>IP adresu<\/li>\n\n\n\n<li>podatke o pregledniku i ure\u0111aju.<\/li>\n<\/ul>\n\n\n\n<p>Ovi podaci koriste se isklju\u010divo u svrhu komunikacije s korisnicima, odgovaranja na upite, pobolj\u0161anja funkcionalnosti web stranice te za\u0161tite od zlouporabe.<\/p>\n\n\n\n<hr class=\"wp-block-separator has-alpha-channel-opacity\"\/>\n\n\n\n<h2 class=\"wp-block-heading\">Komentari<\/h2>\n\n\n\n<p>Ako posjetitelji ostavljaju komentare na web stranici, prikupljaju se podaci prikazani u obrascu za komentare, kao i IP adresa posjetitelja te identifikacijski podaci preglednika radi sprje\u010davanja ne\u017eeljene po\u0161te (spam).<\/p>\n\n\n\n<p>Anonimizirani niz podataka (hash) generiran iz va\u0161e email adrese mo\u017ee biti poslan Gravatar servisu kako bi se provjerilo koristite li tu uslugu. Politika privatnosti Gravatar servisa dostupna je na:<br><a href=\"https:\/\/automattic.com\/privacy\/\">https:\/\/automattic.com\/privacy\/<\/a><\/p>\n\n\n\n<p>Nakon odobrenja komentara, va\u0161a profilna slika mo\u017ee biti javno vidljiva uz va\u0161 komentar.<\/p>\n\n\n\n<hr class=\"wp-block-separator has-alpha-channel-opacity\"\/>\n\n\n\n<h2 class=\"wp-block-heading\">Mediji<\/h2>\n\n\n\n<p>Ako na web stranicu prenosite slike, preporu\u010duje se izbjegavati slike koje sadr\u017ee ugra\u0111ene podatke o lokaciji (EXIF GPS). Posjetitelji web stranice mogu preuzeti i izdvojiti takve podatke iz slika objavljenih na stranici.<\/p>\n\n\n\n<hr class=\"wp-block-separator has-alpha-channel-opacity\"\/>\n\n\n\n<h2 class=\"wp-block-heading\">Kola\u010di\u0107i<\/h2>\n\n\n\n<p>Web stranica mo\u017ee koristiti kola\u010di\u0107e (cookies) kako bi osigurala pravilno funkcioniranje stranice i pobolj\u0161ala korisni\u010dko iskustvo.<\/p>\n\n\n\n<p>Ako ostavite komentar na na\u0161oj stranici, mo\u017eete odabrati spremanje imena, email adrese i web stranice u kola\u010di\u0107e. Ovi kola\u010di\u0107i slu\u017ee za va\u0161u prakti\u010dnost kako ne biste morali ponovno unositi podatke prilikom sljede\u0107eg komentiranja. Trajanje ovih kola\u010di\u0107a je do jedne godine.<\/p>\n\n\n\n<p>Ako posjetite stranicu za prijavu, postavlja se privremeni kola\u010di\u0107 kako bi se provjerilo prihva\u0107a li va\u0161 preglednik kola\u010di\u0107e. Ovaj kola\u010di\u0107 ne sadr\u017ei osobne podatke i bri\u0161e se zatvaranjem preglednika.<\/p>\n\n\n\n<p>Prilikom prijave na web stranicu mogu se postaviti dodatni kola\u010di\u0107i koji pamte va\u0161e podatke za prijavu i postavke prikaza.<\/p>\n\n\n\n<hr class=\"wp-block-separator has-alpha-channel-opacity\"\/>\n\n\n\n<h2 class=\"wp-block-heading\">Ugra\u0111eni sadr\u017eaj s drugih web stranica<\/h2>\n\n\n\n<p>Stranice na ovoj web stranici mogu sadr\u017eavati ugra\u0111eni sadr\u017eaj (npr. video, slike ili \u010dlanke). Ugra\u0111eni sadr\u017eaj s drugih web stranica pona\u0161a se na isti na\u010din kao da je posjetitelj posjetio tu drugu web stranicu.<\/p>\n\n\n\n<p>Te web stranice mogu prikupljati podatke o vama, koristiti kola\u010di\u0107e, uklju\u010divati dodatno pra\u0107enje tre\u0107ih strana i pratiti va\u0161u interakciju s tim sadr\u017eajem.<\/p>\n\n\n\n<hr class=\"wp-block-separator has-alpha-channel-opacity\"\/>\n\n\n\n<h2 class=\"wp-block-heading\">S kim dijelimo va\u0161e podatke<\/h2>\n\n\n\n<p>Osobni podaci korisnika ne\u0107e se prodavati niti dijeliti s tre\u0107im stranama osim u slu\u010dajevima kada je to nu\u017eno za funkcioniranje web stranice ili kada to zahtijevaju zakonske obveze.<\/p>\n\n\n\n<p>U slu\u010daju zahtjeva za resetiranje lozinke, va\u0161a IP adresa mo\u017ee biti uklju\u010dena u email za resetiranje.<\/p>\n\n\n\n<hr class=\"wp-block-separator has-alpha-channel-opacity\"\/>\n\n\n\n<h2 class=\"wp-block-heading\">Koliko dugo \u010duvamo va\u0161e podatke<\/h2>\n\n\n\n<p>Ako ostavite komentar, komentar i njegovi metapodaci \u010duvaju se trajno kako bi se omogu\u0107ilo automatsko prepoznavanje i odobravanje budu\u0107ih komentara.<\/p>\n\n\n\n<p>Za korisnike koji se registriraju na web stranici (ako je ta opcija omogu\u0107ena), pohranjuju se osobni podaci koje navedu u svom korisni\u010dkom profilu. Korisnici mogu u svakom trenutku vidjeti, urediti ili zatra\u017eiti brisanje svojih podataka.<\/p>\n\n\n\n<hr class=\"wp-block-separator has-alpha-channel-opacity\"\/>\n\n\n\n<h2 class=\"wp-block-heading\">Koja prava imate nad svojim podacima<\/h2>\n\n\n\n<p>U skladu s Op\u0107om uredbom o za\u0161titi podataka (GDPR), imate pravo:<\/p>\n\n\n\n<ul class=\"wp-block-list\">\n<li>zatra\u017eiti pristup svojim osobnim podacima<\/li>\n\n\n\n<li>zatra\u017eiti ispravak neto\u010dnih podataka<\/li>\n\n\n\n<li>zatra\u017eiti brisanje osobnih podataka<\/li>\n\n\n\n<li>zatra\u017eiti ograni\u010denje obrade podataka.<\/li>\n<\/ul>\n\n\n\n<p>Za ostvarivanje svojih prava mo\u017eete nas kontaktirati putem email adrese:<\/p>\n\n\n\n<p><strong><a href=\"mailto:info.nevilux@gmail.com\">info.nevilux@gmail.com<\/a><\/strong><\/p>\n\n\n\n<hr class=\"wp-block-separator has-alpha-channel-opacity\"\/>\n\n\n\n<h2 class=\"wp-block-heading\">Gdje se \u0161alju va\u0161i podaci<\/h2>\n\n\n\n<p>Komentari posjetitelja mogu se provjeravati putem automatiziranog sustava za otkrivanje ne\u017eeljene po\u0161te (spam).<\/p>\n\n\n\n<hr class=\"wp-block-separator has-alpha-channel-opacity\"\/>\n\n\n\n<h2 class=\"wp-block-heading\">Kontakt<\/h2>\n\n\n\n<p>Za sva pitanja vezana uz za\u0161titu osobnih podataka mo\u017eete nas kontaktirati na:<\/p>\n\n\n\n<p><strong><a href=\"mailto:info.nevilux@gmail.com\">info.nevilux@gmail.com<\/a><\/strong><\/p>\n\n\n\n<hr class=\"wp-block-separator has-alpha-channel-opacity\"\/>\n\n\n\n<p><\/p>\n","protected":false},"excerpt":{"rendered":"<p>Tko smo Voditelj obrade osobnih podataka na ovoj web stranici je: NEVILUX \u2013 obrt za usluge i izdava\u0161tvovl. Neda Vi\u0161i\u0107Put [&hellip;]<\/p>\n","protected":false},"author":1,"featured_media":0,"parent":0,"menu_order":0,"comment_status":"closed","ping_status":"open","template":"","meta":{"site-sidebar-layout":"default","site-content-layout":"","ast-site-content-layout":"default","site-content-style":"default","site-sidebar-style":"default","ast-global-header-display":"","ast-banner-title-visibility":"","ast-main-header-display":"","ast-hfb-above-header-display":"","ast-hfb-below-header-display":"","ast-hfb-mobile-header-display":"","site-post-title":"","ast-breadcrumbs-content":"","ast-featured-img":"","footer-sml-layout":"","ast-disable-related-posts":"","theme-transparent-header-meta":"","adv-header-id-meta":"","stick-header-meta":"","header-above-stick-meta":"","header-main-stick-meta":"","header-below-stick-meta":"","astra-migrate-meta-layouts":"default","ast-page-background-enabled":"default","ast-page-background-meta":{"desktop":{"background-color":"var(--ast-global-color-5)","background-image":"","background-repeat":"repeat","background-position":"center center","background-size":"auto","background-attachment":"scroll","background-type":"","background-media":"","overlay-type":"","overlay-color":"","overlay-opacity":"","overlay-gradient":""},"tablet":{"background-color":"","background-image":"","background-repeat":"repeat","background-position":"center center","background-size":"auto","background-attachment":"scroll","background-type":"","background-media":"","overlay-type":"","overlay-color":"","overlay-opacity":"","overlay-gradient":""},"mobile":{"background-color":"","background-image":"","background-repeat":"repeat","background-position":"center center","background-size":"auto","background-attachment":"scroll","background-type":"","background-media":"","overlay-type":"","overlay-color":"","overlay-opacity":"","overlay-gradient":""}},"ast-content-background-meta":{"desktop":{"background-color":"var(--ast-global-color-4)","background-image":"","background-repeat":"repeat","background-position":"center center","background-size":"auto","background-attachment":"scroll","background-type":"","background-media":"","overlay-type":"","overlay-color":"","overlay-opacity":"","overlay-gradient":""},"tablet":{"background-color":"var(--ast-global-color-4)","background-image":"","background-repeat":"repeat","background-position":"center center","background-size":"auto","background-attachment":"scroll","background-type":"","background-media":"","overlay-type":"","overlay-color":"","overlay-opacity":"","overlay-gradient":""},"mobile":{"background-color":"var(--ast-global-color-4)","background-image":"","background-repeat":"repeat","background-position":"center center","background-size":"auto","background-attachment":"scroll","background-type":"","background-media":"","overlay-type":"","overlay-color":"","overlay-opacity":"","overlay-gradient":""}},"footnotes":""},"class_list":["post-3","page","type-page","status-publish","hentry"],"_links":{"self":[{"href":"https:\/\/nevilux.eu\/index.php?rest_route=\/wp\/v2\/pages\/3","targetHints":{"allow":["GET"]}}],"collection":[{"href":"https:\/\/nevilux.eu\/index.php?rest_route=\/wp\/v2\/pages"}],"about":[{"href":"https:\/\/nevilux.eu\/index.php?rest_route=\/wp\/v2\/types\/page"}],"author":[{"embeddable":true,"href":"https:\/\/nevilux.eu\/index.php?rest_route=\/wp\/v2\/users\/1"}],"replies":[{"embeddable":true,"href":"https:\/\/nevilux.eu\/index.php?rest_route=%2Fwp%2Fv2%2Fcomments&post=3"}],"version-history":[{"count":1,"href":"https:\/\/nevilux.eu\/index.php?rest_route=\/wp\/v2\/pages\/3\/revisions"}],"predecessor-version":[{"id":278,"href":"https:\/\/nevilux.eu\/index.php?rest_route=\/wp\/v2\/pages\/3\/revisions\/278"}],"wp:attachment":[{"href":"https:\/\/nevilux.eu\/index.php?rest_route=%2Fwp%2Fv2%2Fmedia&parent=3"}],"curies":[{"name":"wp","href":"https:\/\/api.w.org\/{rel}","templated":true}]}}